{"id":17,"date":"2007-01-14T11:36:36","date_gmt":"2007-01-14T13:36:36","guid":{"rendered":"http:\/\/www.neyestrabelli.com\/blog\/projetos\/"},"modified":"2007-01-14T11:36:36","modified_gmt":"2007-01-14T13:36:36","slug":"projetos","status":"publish","type":"page","link":"https:\/\/www.neyestrabelli.com\/blog\/projetos\/","title":{"rendered":"Projetos"},"content":{"rendered":"<p><strong>Mario Coins to PSP v2.00<\/strong><\/p>\n<p>Aprimorando o aprendizado com o framework OSLib para PSP, acabei por converter o jogo para ele.<br \/>\nAbaixo as novas screens do jogo:<\/p>\n<p><img loading=\"lazy\" decoding=\"async\" id=\"image33\" src=\"http:\/\/www.neyestrabelli.com\/blog\/wp-content\/uploads\/2007\/01\/menu1.jpg\" alt=\"Menu - Mario Coins 2\" width=\"454\" height=\"257\" \/><\/p>\n<p><img decoding=\"async\" id=\"image34\" style=\"width: 449px; height: 254px;\" src=\"http:\/\/www.neyestrabelli.com\/blog\/wp-content\/uploads\/2007\/01\/ingame1.jpg\" alt=\"Ingame - Mario Coins 2\" \/><\/p>\n<p><img loading=\"lazy\" decoding=\"async\" id=\"image35\" src=\"http:\/\/www.neyestrabelli.com\/blog\/wp-content\/uploads\/2007\/01\/instrucoes1.jpg\" alt=\"Instrucoes - Mario Coins 2\" width=\"452\" height=\"256\" \/><\/p>\n<p>Link para Download:<\/p>\n<p><a title=\"MarioCoins2 for PSP\" href=\"http:\/\/www.badongo.com\/pt\/file\/2114606\" target=\"_blank\" rel=\"noopener noreferrer\">http:\/\/www.badongo.com\/pt\/file\/2114606<\/a><\/p>\n<p><strong>Mario Coins to PSP by Old! + Source <\/strong><\/p>\n<p>Depois de um tempo fu\u00e7ando no PSPSDK consegui converter o jogo antes feito com o framework da PopCap para o PSP.<\/p>\n<p>Segue algumas screens:<\/p>\n<p><img decoding=\"async\" id=\"image19\" src=\"http:\/\/www.neyestrabelli.com\/blog\/wp-content\/uploads\/2007\/01\/imagem1801.jpg\" alt=\"Mario Coins\" \/><\/p>\n<p>Tela no XMB<\/p>\n<p><img decoding=\"async\" id=\"image23\" src=\"http:\/\/www.neyestrabelli.com\/blog\/wp-content\/uploads\/2007\/01\/imagem1851.jpg\" alt=\"Mario Coins\" \/><\/p>\n<p>Tela do jogo<\/p>\n<p>Para mais info sobre este projeto consulte estes t\u00f3pico:<\/p>\n<p><a title=\"Beta 01\" href=\"http:\/\/www.neyestrabelli.com\/blog\/2007\/01\/19\/mario-coins-to-psp\/\"> http:\/\/www.neyestrabelli.com\/blog\/2007\/01\/19\/mario-coins-to-psp\/<\/a><\/p>\n<p><a title=\"Mario Coins Beta 02\" href=\"http:\/\/www.neyestrabelli.com\/blog\/2007\/01\/19\/mario-coins-to-psp-beta-02\/\"> http:\/\/www.neyestrabelli.com\/blog\/2007\/01\/19\/mario-coins-to-psp-beta-02\/<\/a><\/p>\n<p><a title=\"Mario Coins Beta 03\" href=\"http:\/\/www.neyestrabelli.com\/blog\/2007\/01\/23\/mario-coins-to-psp-beta-03\/\">http:\/\/www.neyestrabelli.com\/blog\/2007\/01\/23\/mario-coins-to-psp-beta-03\/<\/a><\/p>\n<p><a title=\"Mario Coins 1.0 + Source Code\" href=\"http:\/\/www.neyestrabelli.com\/blog\/2007\/01\/24\/mario-coins-to-psp-source\/\">http:\/\/www.neyestrabelli.com\/blog\/2007\/01\/24\/mario-coins-to-psp-source\/<\/a><\/p>\n<p><strong>Marios Coins by Old! &#8211; FrameWork PopCap<\/strong><\/p>\n<p>Mario Coins \u00e9 uma adapta\u00e7\u00e3o do jogo feito em flash por Joja e Danny, respons\u00e1veis pelo sites www.zonajuego.com e www.messengeradictos.com<\/p>\n<p>O jogo consiste em pegar algumas moedas que caem , desviando se dos inimigos (pedra, bomba, fogo) e pegando os cogumelos para ganhar vida, o jogo n\u00e3o tem fim, o que conta \u00e9 a quantidades de moedas que voc\u00ea pegou, abaixo algumas screens:<\/p>\n<p><img loading=\"lazy\" decoding=\"async\" id=\"image14\" src=\"http:\/\/www.neyestrabelli.com\/blog\/wp-content\/uploads\/2007\/01\/marioinicio1.jpg\" alt=\"Mario Inicio\" width=\"354\" height=\"280\" \/><\/p>\n<p>Tela Inicial<\/p>\n<p><img loading=\"lazy\" decoding=\"async\" id=\"image15\" src=\"http:\/\/www.neyestrabelli.com\/blog\/wp-content\/uploads\/2007\/01\/mariogame1.jpg\" alt=\"Mario Coins\" width=\"357\" height=\"283\" \/><\/p>\n<p>Tela do Jogo<\/p>\n<p><img loading=\"lazy\" decoding=\"async\" id=\"image16\" src=\"http:\/\/www.neyestrabelli.com\/blog\/wp-content\/uploads\/2007\/01\/mariofim1.jpg\" alt=\"Mario Coins\" width=\"348\" height=\"276\" \/><\/p>\n<p>Tela de Game Over<\/p>\n<p><a href=\"http:\/\/www.neyestrabelli.com\/arquivos\/MarioCoins.exe\" target=\"_blank\" rel=\"noopener noreferrer\">Download<\/a><\/p>\n","protected":false},"excerpt":{"rendered":"<p>Mario Coins to PSP v2.00 Aprimorando o aprendizado com o framework OSLib para PSP, acabei por converter o jogo para ele. Abaixo as novas screens do jogo: Link para Download: http:\/\/www.badongo.com\/pt\/file\/2114606 Mario Coins to PSP by Old! + Source Depois de um tempo fu\u00e7ando no PSPSDK consegui converter o jogo antes feito com o framework [&hellip;]<\/p>\n","protected":false},"author":2,"featured_media":0,"parent":0,"menu_order":0,"comment_status":"open","ping_status":"open","template":"","meta":{"om_disable_all_campaigns":false,"footnotes":""},"class_list":["post-17","page","type-page","status-publish","hentry"],"jetpack_sharing_enabled":true,"_links":{"self":[{"href":"https:\/\/www.neyestrabelli.com\/blog\/wp-json\/wp\/v2\/pages\/17","targetHints":{"allow":["GET"]}}],"collection":[{"href":"https:\/\/www.neyestrabelli.com\/blog\/wp-json\/wp\/v2\/pages"}],"about":[{"href":"https:\/\/www.neyestrabelli.com\/blog\/wp-json\/wp\/v2\/types\/page"}],"author":[{"embeddable":true,"href":"https:\/\/www.neyestrabelli.com\/blog\/wp-json\/wp\/v2\/users\/2"}],"replies":[{"embeddable":true,"href":"https:\/\/www.neyestrabelli.com\/blog\/wp-json\/wp\/v2\/comments?post=17"}],"version-history":[{"count":0,"href":"https:\/\/www.neyestrabelli.com\/blog\/wp-json\/wp\/v2\/pages\/17\/revisions"}],"wp:attachment":[{"href":"https:\/\/www.neyestrabelli.com\/blog\/wp-json\/wp\/v2\/media?parent=17"}],"curies":[{"name":"wp","href":"https:\/\/api.w.org\/{rel}","templated":true}]}}