{"id":354,"date":"2007-01-04T20:18:17","date_gmt":"2007-01-04T22:18:17","guid":{"rendered":"http:\/\/www.neyestrabelli.com\/blog\/?page_id=354"},"modified":"2019-04-25T20:08:33","modified_gmt":"2019-04-25T20:08:33","slug":"about","status":"publish","type":"page","link":"https:\/\/www.neyestrabelli.com\/blog\/about\/","title":{"rendered":"Sobre"},"content":{"rendered":"<p><script type=\"text\/javascript\" src=\"https:\/\/platform.linkedin.com\/badges\/js\/profile.js\" async=\"\" defer=\"\"><\/script><\/p>\n<div class=\"LI-profile-badge\" style=\"text-align: center;\" data-version=\"v1\" data-size=\"large\" data-locale=\"en_US\" data-type=\"vertical\" data-theme=\"dark\" data-vanity=\"neyestrabelli\"><a class=\"LI-simple-link\" href=\"https:\/\/br.linkedin.com\/in\/neyestrabelli?trk=profile-badge\" data-bcup-haslogintext=\"no\">Ney Estrabelli<\/a><\/div>\n<p style=\"text-align: center;\">\n<p><strong>Sobre mim:<\/strong><br \/>\nS\u00f3cio fundador da Instant Games, adoro games, sou t\u00edmido, bom programador, fot\u00f3grafo nas horas vagas, compositor de m\u00fasica para games (tamb\u00e9m casualmente) e viajante de vez em quando.<\/p>\n<p><strong>O que voc\u00ea encontrar\u00e1 neste blog:<\/strong><br \/>\nPrincipalmente dicas de viagens \ud83d\ude42<\/p>\n","protected":false},"excerpt":{"rendered":"<p>Ney Estrabelli Sobre mim: S\u00f3cio fundador da Instant Games, adoro games, sou t\u00edmido, bom programador, fot\u00f3grafo nas horas vagas, compositor de m\u00fasica para games (tamb\u00e9m casualmente) e viajante de vez em quando. O que voc\u00ea encontrar\u00e1 neste blog: Principalmente dicas de viagens \ud83d\ude42<\/p>\n","protected":false},"author":2,"featured_media":0,"parent":0,"menu_order":0,"comment_status":"closed","ping_status":"open","template":"","meta":{"om_disable_all_campaigns":false,"footnotes":""},"class_list":["post-354","page","type-page","status-publish","hentry"],"jetpack_sharing_enabled":true,"_links":{"self":[{"href":"https:\/\/www.neyestrabelli.com\/blog\/wp-json\/wp\/v2\/pages\/354","targetHints":{"allow":["GET"]}}],"collection":[{"href":"https:\/\/www.neyestrabelli.com\/blog\/wp-json\/wp\/v2\/pages"}],"about":[{"href":"https:\/\/www.neyestrabelli.com\/blog\/wp-json\/wp\/v2\/types\/page"}],"author":[{"embeddable":true,"href":"https:\/\/www.neyestrabelli.com\/blog\/wp-json\/wp\/v2\/users\/2"}],"replies":[{"embeddable":true,"href":"https:\/\/www.neyestrabelli.com\/blog\/wp-json\/wp\/v2\/comments?post=354"}],"version-history":[{"count":2,"href":"https:\/\/www.neyestrabelli.com\/blog\/wp-json\/wp\/v2\/pages\/354\/revisions"}],"predecessor-version":[{"id":686,"href":"https:\/\/www.neyestrabelli.com\/blog\/wp-json\/wp\/v2\/pages\/354\/revisions\/686"}],"wp:attachment":[{"href":"https:\/\/www.neyestrabelli.com\/blog\/wp-json\/wp\/v2\/media?parent=354"}],"curies":[{"name":"wp","href":"https:\/\/api.w.org\/{rel}","templated":true}]}}