{"id":432,"date":"2011-06-04T12:26:27","date_gmt":"2011-06-04T12:26:27","guid":{"rendered":"http:\/\/www.neyestrabelli.com\/blog\/?page_id=432"},"modified":"2011-06-04T12:26:27","modified_gmt":"2011-06-04T12:26:27","slug":"webapps","status":"publish","type":"page","link":"https:\/\/www.neyestrabelli.com\/blog\/webapps\/","title":{"rendered":"WebApp&#8217;s"},"content":{"rendered":"<h2>MKX Fatalities<\/h2>\n<p>&nbsp;<\/p>\n<div id=\"attachment_416\" style=\"width: 112px\" class=\"wp-caption alignleft\"><a href=\"http:\/\/www.neyestrabelli.com\/mkx\/\"><img loading=\"lazy\" decoding=\"async\" aria-describedby=\"caption-attachment-416\" class=\"size-full wp-image-416  \" title=\"MKX WebApp\" alt=\"\" src=\"http:\/\/www.neyestrabelli.com\/mkx\/images\/icons\/icon-114.png\" width=\"102\" height=\"102\" \/><\/a><p id=\"caption-attachment-416\" class=\"wp-caption-text\">MKX WebApp<\/p><\/div>\n<p>&nbsp;<\/p>\n<p>Um WebApp para iPhone\/ipad em que voc\u00ea pode consultar os  fatalities dos personagens do Mortal Kombat X<\/p>\n<p><a title=\"MKX WebApp\" href=\"http:\/\/www.neyestrabelli.com\/blog\/2015\/06\/12\/webapp-mortal-kombat-x-fatalities\/\">Clique aqui para mais informa\u00e7\u00f5es<\/a><\/p>\n<p>&nbsp;<\/p>\n<p>&nbsp;<\/p>\n<h2>MK Fatalities and Moves<\/h2>\n<p>&nbsp;<\/p>\n<div id=\"attachment_416\" style=\"width: 112px\" class=\"wp-caption alignleft\"><a href=\"http:\/\/www.neyestrabelli.com\/mk\/\"><img loading=\"lazy\" decoding=\"async\" aria-describedby=\"caption-attachment-416\" class=\"size-full wp-image-416  \" title=\"MK WebApp\" alt=\"\" src=\"http:\/\/www.neyestrabelli.com\/mk\/icon.jpg\" width=\"102\" height=\"102\" \/><\/a><p id=\"caption-attachment-416\" class=\"wp-caption-text\">MK WebApp<\/p><\/div>\n<p>&nbsp;<\/p>\n<p>Um WebApp para iPhone\/ipad em que voc\u00ea pode consultar os golpes e fatalities dos personagens do Mortal Kombat 9<\/p>\n<p><a title=\"MK WebApp\" href=\"http:\/\/www.neyestrabelli.com\/blog\/2011\/06\/04\/webapp-mortal-kombat-moves-e-fatalities\/\">Clique aqui para mais informa\u00e7\u00f5es<\/a><\/p>\n<p>&nbsp;<\/p>\n<p>&nbsp;<\/p>\n<h2>Mario Coins\u00a0 Cocos2d-html5<\/h2>\n<p>&nbsp;<\/p>\n<div id=\"attachment_416\" style=\"width: 112px\" class=\"wp-caption alignleft\"><a href=\"http:\/\/www.neyestrabelli.com\/app\/mariocoins\/\"><img loading=\"lazy\" decoding=\"async\" aria-describedby=\"caption-attachment-416\" class=\"size-full wp-image-416   \" title=\"Mario Coins\" alt=\"\" src=\"http:\/\/neyestrabelli.com\/app\/mariocoins\/res\/icon\/icon144.png\" width=\"102\" height=\"102\" \/><\/a><p id=\"caption-attachment-416\" class=\"wp-caption-text\">Mario Coins<\/p><\/div>\n<p>&nbsp;<\/p>\n<p>Jogo Mario Coins feito com cocos2d-html5, voc\u00ea pode adicionar como webapp no seu iphone\/ipad\/ipod e jogar offline ou jogar no browser mesmo \ud83d\ude42<\/p>\n<p><a title=\"Mario Coins HTML5\" href=\"http:\/\/www.neyestrabelli.com\/app\/mariocoins\/\">Clique aqui para mais informa\u00e7\u00f5es<\/a><\/p>\n","protected":false},"excerpt":{"rendered":"<p>MKX Fatalities &nbsp; &nbsp; Um WebApp para iPhone\/ipad em que voc\u00ea pode consultar os fatalities dos personagens do Mortal Kombat X Clique aqui para mais informa\u00e7\u00f5es &nbsp; &nbsp; MK Fatalities and Moves &nbsp; &nbsp; Um WebApp para iPhone\/ipad em que voc\u00ea pode consultar os golpes e fatalities dos personagens do Mortal Kombat 9 Clique aqui [&hellip;]<\/p>\n","protected":false},"author":1,"featured_media":0,"parent":0,"menu_order":0,"comment_status":"open","ping_status":"open","template":"","meta":{"om_disable_all_campaigns":false,"footnotes":""},"class_list":["post-432","page","type-page","status-publish","hentry"],"jetpack_sharing_enabled":true,"_links":{"self":[{"href":"https:\/\/www.neyestrabelli.com\/blog\/wp-json\/wp\/v2\/pages\/432","targetHints":{"allow":["GET"]}}],"collection":[{"href":"https:\/\/www.neyestrabelli.com\/blog\/wp-json\/wp\/v2\/pages"}],"about":[{"href":"https:\/\/www.neyestrabelli.com\/blog\/wp-json\/wp\/v2\/types\/page"}],"author":[{"embeddable":true,"href":"https:\/\/www.neyestrabelli.com\/blog\/wp-json\/wp\/v2\/users\/1"}],"replies":[{"embeddable":true,"href":"https:\/\/www.neyestrabelli.com\/blog\/wp-json\/wp\/v2\/comments?post=432"}],"version-history":[{"count":0,"href":"https:\/\/www.neyestrabelli.com\/blog\/wp-json\/wp\/v2\/pages\/432\/revisions"}],"wp:attachment":[{"href":"https:\/\/www.neyestrabelli.com\/blog\/wp-json\/wp\/v2\/media?parent=432"}],"curies":[{"name":"wp","href":"https:\/\/api.w.org\/{rel}","templated":true}]}}